{"id":39412,"date":"2024-03-04T11:39:56","date_gmt":"2024-03-04T10:39:56","guid":{"rendered":"https:\/\/ect.komk.fr\/terms-of-use\/"},"modified":"2024-03-13T11:53:05","modified_gmt":"2024-03-13T10:53:05","slug":"terms-of-use","status":"publish","type":"page","link":"https:\/\/ect.komk.fr\/en\/terms-of-use\/","title":{"rendered":"Terms of use"},"content":{"rendered":"\t\t<div data-elementor-type=\"wp-page\" data-elementor-id=\"39412\" class=\"elementor elementor-39412 elementor-141\" data-elementor-settings=\"{&quot;ha_cmc_init_switcher&quot;:&quot;no&quot;}\" data-elementor-post-type=\"page\">\n\t\t\t\t\t\t<section class=\"elementor-section elementor-top-section elementor-element elementor-element-d104b6b elementor-section-boxed elementor-section-height-default elementor-section-height-default\" data-id=\"d104b6b\" data-element_type=\"section\">\n\t\t\t\t\t\t<div class=\"elementor-container elementor-column-gap-default\">\n\t\t\t\t\t<div class=\"elementor-column elementor-col-100 elementor-top-column elementor-element elementor-element-08c4e24\" data-id=\"08c4e24\" data-element_type=\"column\">\n\t\t\t<div class=\"elementor-widget-wrap elementor-element-populated\">\n\t\t\t\t\t\t<div class=\"elementor-element elementor-element-4093198 elementor-widget elementor-widget-heading\" data-id=\"4093198\" data-element_type=\"widget\" data-widget_type=\"heading.default\">\n\t\t\t\t<div class=\"elementor-widget-container\">\n\t\t\t\t\t<h1 class=\"elementor-heading-title elementor-size-default\">Terms of use<\/h1>\t\t\t\t<\/div>\n\t\t\t\t<\/div>\n\t\t\t\t\t<\/div>\n\t\t<\/div>\n\t\t\t\t\t<\/div>\n\t\t<\/section>\n\t\t\t\t<section class=\"elementor-section elementor-top-section elementor-element elementor-element-9619e25 elementor-section-boxed elementor-section-height-default elementor-section-height-default\" data-id=\"9619e25\" data-element_type=\"section\">\n\t\t\t\t\t\t<div class=\"elementor-container elementor-column-gap-default\">\n\t\t\t\t\t<div class=\"elementor-column elementor-col-100 elementor-top-column elementor-element elementor-element-af6a3e7\" data-id=\"af6a3e7\" data-element_type=\"column\">\n\t\t\t<div class=\"elementor-widget-wrap elementor-element-populated\">\n\t\t\t\t\t\t<div class=\"elementor-element elementor-element-0a2ce72 elementor-widget__width-inherit separateur_large elementor-view-default elementor-widget elementor-widget-icon\" data-id=\"0a2ce72\" data-element_type=\"widget\" data-widget_type=\"icon.default\">\n\t\t\t\t<div class=\"elementor-widget-container\">\n\t\t\t\t\t\t\t<div class=\"elementor-icon-wrapper\">\n\t\t\t<div class=\"elementor-icon\">\n\t\t\t\t\t\t<\/div>\n\t\t<\/div>\n\t\t\t\t\t\t<\/div>\n\t\t\t\t<\/div>\n\t\t\t\t\t<\/div>\n\t\t<\/div>\n\t\t\t\t\t<\/div>\n\t\t<\/section>\n\t\t\t\t<section class=\"elementor-section elementor-top-section elementor-element elementor-element-a3f6a53 elementor-section-boxed elementor-section-height-default elementor-section-height-default\" data-id=\"a3f6a53\" data-element_type=\"section\">\n\t\t\t\t\t\t<div class=\"elementor-container elementor-column-gap-default\">\n\t\t\t\t\t<div class=\"elementor-column elementor-col-100 elementor-top-column elementor-element elementor-element-59a5763\" data-id=\"59a5763\" data-element_type=\"column\">\n\t\t\t<div class=\"elementor-widget-wrap elementor-element-populated\">\n\t\t\t\t\t\t<div class=\"elementor-element elementor-element-2fdfd17 elementor-widget elementor-widget-heading\" data-id=\"2fdfd17\" data-element_type=\"widget\" data-widget_type=\"heading.default\">\n\t\t\t\t<div class=\"elementor-widget-container\">\n\t\t\t\t\t<h2 class=\"elementor-heading-title elementor-size-default\">Website editing<\/h2>\t\t\t\t<\/div>\n\t\t\t\t<\/div>\n\t\t\t\t<div class=\"elementor-element elementor-element-ed646c9 elementor-widget elementor-widget-text-editor\" data-id=\"ed646c9\" data-element_type=\"widget\" data-widget_type=\"text-editor.default\">\n\t\t\t\t<div class=\"elementor-widget-container\">\n\t\t\t\t\t\t\t\t\t<div>\n<div>The ECT Group website (hereinafter referred to as &#8220;the Site&#8221;), accessible at https:\/\/ect.komk.fr, is published by ECT (hereinafter referred to as &#8220;the Publisher&#8221;), a SAS with share capital of 109,000 euros, whose registered office is located at RD 401 Route du Mesnil-Amelot 77230 in Villeneuve sous Dammartin (0160545740, contact@ect.komk.fr).<\/div>\n<div>RCS 392 244 935 Meaux<\/div>\n<\/div>\n\t\t\t\t\t\t\t\t<\/div>\n\t\t\t\t<\/div>\n\t\t\t\t<div class=\"elementor-element elementor-element-82a6910 elementor-widget elementor-widget-spacer\" data-id=\"82a6910\" data-element_type=\"widget\" data-widget_type=\"spacer.default\">\n\t\t\t\t<div class=\"elementor-widget-container\">\n\t\t\t\t\t\t\t<div class=\"elementor-spacer\">\n\t\t\t<div class=\"elementor-spacer-inner\"><\/div>\n\t\t<\/div>\n\t\t\t\t\t\t<\/div>\n\t\t\t\t<\/div>\n\t\t\t\t<div class=\"elementor-element elementor-element-18436dd elementor-widget elementor-widget-heading\" data-id=\"18436dd\" data-element_type=\"widget\" data-widget_type=\"heading.default\">\n\t\t\t\t<div class=\"elementor-widget-container\">\n\t\t\t\t\t<h2 class=\"elementor-heading-title elementor-size-default\">Website copywriting\n<\/h2>\t\t\t\t<\/div>\n\t\t\t\t<\/div>\n\t\t\t\t<div class=\"elementor-element elementor-element-78e3350 elementor-widget elementor-widget-text-editor\" data-id=\"78e3350\" data-element_type=\"widget\" data-widget_type=\"text-editor.default\">\n\t\t\t\t<div class=\"elementor-widget-container\">\n\t\t\t\t\t\t\t\t\t<div>\n<div>Publication manager: Sophie Alix, Marketing and Communications Director<\/div>\n<div>Telephone:01 60 54 57 32<\/div>\n<div>Email: salix@ect.komk.fr<\/div>\n<\/div>\n\t\t\t\t\t\t\t\t<\/div>\n\t\t\t\t<\/div>\n\t\t\t\t<div class=\"elementor-element elementor-element-1482ec9 elementor-widget elementor-widget-spacer\" data-id=\"1482ec9\" data-element_type=\"widget\" data-widget_type=\"spacer.default\">\n\t\t\t\t<div class=\"elementor-widget-container\">\n\t\t\t\t\t\t\t<div class=\"elementor-spacer\">\n\t\t\t<div class=\"elementor-spacer-inner\"><\/div>\n\t\t<\/div>\n\t\t\t\t\t\t<\/div>\n\t\t\t\t<\/div>\n\t\t\t\t<div class=\"elementor-element elementor-element-9cad8ed elementor-widget elementor-widget-heading\" data-id=\"9cad8ed\" data-element_type=\"widget\" data-widget_type=\"heading.default\">\n\t\t\t\t<div class=\"elementor-widget-container\">\n\t\t\t\t\t<h2 class=\"elementor-heading-title elementor-size-default\">Website host<\/h2>\t\t\t\t<\/div>\n\t\t\t\t<\/div>\n\t\t\t\t<div class=\"elementor-element elementor-element-a2ae975 elementor-widget elementor-widget-text-editor\" data-id=\"a2ae975\" data-element_type=\"widget\" data-widget_type=\"text-editor.default\">\n\t\t\t\t<div class=\"elementor-widget-container\">\n\t\t\t\t\t\t\t\t\t<div>\n<div>The ECT Group website is hosted by SCALEWAY, a French Soci\u00e9t\u00e9 par Actions Simplifi\u00e9e with capital of 214,410.50 Euros, headquartered at 8 Rue de la Ville-l&#8217;\u00c9v\u00eaque 75008 Paris, France.<\/div>\n<\/div>\n\t\t\t\t\t\t\t\t<\/div>\n\t\t\t\t<\/div>\n\t\t\t\t<div class=\"elementor-element elementor-element-aca8a38 elementor-widget elementor-widget-spacer\" data-id=\"aca8a38\" data-element_type=\"widget\" data-widget_type=\"spacer.default\">\n\t\t\t\t<div class=\"elementor-widget-container\">\n\t\t\t\t\t\t\t<div class=\"elementor-spacer\">\n\t\t\t<div class=\"elementor-spacer-inner\"><\/div>\n\t\t<\/div>\n\t\t\t\t\t\t<\/div>\n\t\t\t\t<\/div>\n\t\t\t\t<div class=\"elementor-element elementor-element-c6fa1fe elementor-widget elementor-widget-heading\" data-id=\"c6fa1fe\" data-element_type=\"widget\" data-widget_type=\"heading.default\">\n\t\t\t\t<div class=\"elementor-widget-container\">\n\t\t\t\t\t<h2 class=\"elementor-heading-title elementor-size-default\">Respect for intellectual property\n<\/h2>\t\t\t\t<\/div>\n\t\t\t\t<\/div>\n\t\t\t\t<div class=\"elementor-element elementor-element-18484d6 elementor-widget elementor-widget-text-editor\" data-id=\"18484d6\" data-element_type=\"widget\" data-widget_type=\"text-editor.default\">\n\t\t\t\t<div class=\"elementor-widget-container\">\n\t\t\t\t\t\t\t\t\t<p>All trademarks, photographs, texts, comments, illustrations, images (animated or not), video sequences, sounds, as well as all computer applications that may be used to operate the Site and, more generally, all elements reproduced or used on the Site are protected by current intellectual property laws.<br \/>They are the full and complete property of the Publisher or its partners, unless otherwise specified. Any reproduction, representation, use or adaptation, in any form whatsoever, of all or part of these elements, including computer applications, without the prior written consent of the Publisher, is strictly prohibited. The fact that the Publisher does not initiate proceedings as soon as it becomes aware of such unauthorized use does not imply acceptance of said use and waiver of prosecution.<br \/>Only private use within the family circle is authorized. Any other use constitutes counterfeiting and\/or infringement of related rights, punishable under the French Intellectual Property Code. The reproduction of all or part of this content requires the prior authorization of the Publisher or the holder of the rights to this content.<\/p>\n\t\t\t\t\t\t\t\t<\/div>\n\t\t\t\t<\/div>\n\t\t\t\t<div class=\"elementor-element elementor-element-6c51020 elementor-widget elementor-widget-spacer\" data-id=\"6c51020\" data-element_type=\"widget\" data-widget_type=\"spacer.default\">\n\t\t\t\t<div class=\"elementor-widget-container\">\n\t\t\t\t\t\t\t<div class=\"elementor-spacer\">\n\t\t\t<div class=\"elementor-spacer-inner\"><\/div>\n\t\t<\/div>\n\t\t\t\t\t\t<\/div>\n\t\t\t\t<\/div>\n\t\t\t\t<div class=\"elementor-element elementor-element-4d64689 elementor-widget elementor-widget-heading\" data-id=\"4d64689\" data-element_type=\"widget\" data-widget_type=\"heading.default\">\n\t\t\t\t<div class=\"elementor-widget-container\">\n\t\t\t\t\t<h2 class=\"elementor-heading-title elementor-size-default\">Hypertext links\n<\/h2>\t\t\t\t<\/div>\n\t\t\t\t<\/div>\n\t\t\t\t<div class=\"elementor-element elementor-element-7a8e878 elementor-widget elementor-widget-text-editor\" data-id=\"7a8e878\" data-element_type=\"widget\" data-widget_type=\"text-editor.default\">\n\t\t\t\t<div class=\"elementor-widget-container\">\n\t\t\t\t\t\t\t\t\t<p>The Site may contain hypertext links giving access to other websites published and managed by third parties and not by the Publisher. The Publisher shall not be held responsible, directly or indirectly, in the event that said third-party sites do not comply with legal provisions.<br \/>Hypertext links to the Site may only be created with the prior written authorization of the Publisher.<\/p><\/p>\n\t\t\t\t\t\t\t\t<\/div>\n\t\t\t\t<\/div>\n\t\t\t\t<div class=\"elementor-element elementor-element-a511073 elementor-widget elementor-widget-spacer\" data-id=\"a511073\" data-element_type=\"widget\" data-widget_type=\"spacer.default\">\n\t\t\t\t<div class=\"elementor-widget-container\">\n\t\t\t\t\t\t\t<div class=\"elementor-spacer\">\n\t\t\t<div class=\"elementor-spacer-inner\"><\/div>\n\t\t<\/div>\n\t\t\t\t\t\t<\/div>\n\t\t\t\t<\/div>\n\t\t\t\t\t<\/div>\n\t\t<\/div>\n\t\t\t\t\t<\/div>\n\t\t<\/section>\n\t\t\t\t<\/div>\n\t\t","protected":false},"excerpt":{"rendered":"<p>Terms of use Website editing The ECT Group website (hereinafter referred to as &#8220;the Site&#8221;), accessible at https:\/\/ect.komk.fr, is published by ECT (hereinafter referred to as &#8220;the Publisher&#8221;), a SAS with share capital of 109,000 euros, whose registered office is located at RD 401 Route du Mesnil-Amelot 77230 in Villeneuve sous Dammartin (0160545740, contact@ect.komk.fr). RCS 392 244 935 Meaux Website copywriting Publication manager: Sophie Alix, Marketing and Communications Director Telephone:01 60 54 57 32 Email: salix@ect.komk.fr Website host The ECT Group website is hosted by SCALEWAY, a French Soci\u00e9t\u00e9 par Actions Simplifi\u00e9e with capital of 214,410.50 Euros, headquartered at 8<\/p>\n","protected":false},"author":2,"featured_media":0,"parent":0,"menu_order":223,"comment_status":"closed","ping_status":"closed","template":"","meta":{"_acf_changed":false,"site-sidebar-layout":"default","site-content-layout":"","ast-site-content-layout":"default","site-content-style":"default","site-sidebar-style":"default","ast-global-header-display":"","ast-banner-title-visibility":"","ast-main-header-display":"","ast-hfb-above-header-display":"","ast-hfb-below-header-display":"","ast-hfb-mobile-header-display":"","site-post-title":"","ast-breadcrumbs-content":"","ast-featured-img":"","footer-sml-layout":"","ast-disable-related-posts":"","theme-transparent-header-meta":"","adv-header-id-meta":"","stick-header-meta":"","header-above-stick-meta":"","header-main-stick-meta":"","header-below-stick-meta":"","astra-migrate-meta-layouts":"default","ast-page-background-enabled":"default","ast-page-background-meta":{"desktop":{"background-color":"var(--ast-global-color-4)","background-image":"","background-repeat":"repeat","background-position":"center center","background-size":"auto","background-attachment":"scroll","background-type":"","background-media":"","overlay-type":"","overlay-color":"","overlay-opacity":"","overlay-gradient":""},"tablet":{"background-color":"","background-image":"","background-repeat":"repeat","background-position":"center center","background-size":"auto","background-attachment":"scroll","background-type":"","background-media":"","overlay-type":"","overlay-color":"","overlay-opacity":"","overlay-gradient":""},"mobile":{"background-color":"","background-image":"","background-repeat":"repeat","background-position":"center center","background-size":"auto","background-attachment":"scroll","background-type":"","background-media":"","overlay-type":"","overlay-color":"","overlay-opacity":"","overlay-gradient":""}},"ast-content-background-meta":{"desktop":{"background-color":"var(--ast-global-color-5)","background-image":"","background-repeat":"repeat","background-position":"center center","background-size":"auto","background-attachment":"scroll","background-type":"","background-media":"","overlay-type":"","overlay-color":"","overlay-opacity":"","overlay-gradient":""},"tablet":{"background-color":"var(--ast-global-color-5)","background-image":"","background-repeat":"repeat","background-position":"center center","background-size":"auto","background-attachment":"scroll","background-type":"","background-media":"","overlay-type":"","overlay-color":"","overlay-opacity":"","overlay-gradient":""},"mobile":{"background-color":"var(--ast-global-color-5)","background-image":"","background-repeat":"repeat","background-position":"center center","background-size":"auto","background-attachment":"scroll","background-type":"","background-media":"","overlay-type":"","overlay-color":"","overlay-opacity":"","overlay-gradient":""}},"ngg_post_thumbnail":0,"footnotes":""},"class_list":["post-39412","page","type-page","status-publish","hentry"],"acf":[],"yoast_head":"<!-- This site is optimized with the Yoast SEO plugin v27.1.1 - https:\/\/yoast.com\/product\/yoast-seo-wordpress\/ -->\n<title>Terms of use - Groupe ECT<\/title>\n<meta name=\"robots\" content=\"noindex, follow\" \/>\n<meta property=\"og:locale\" content=\"en_US\" \/>\n<meta property=\"og:type\" content=\"article\" \/>\n<meta property=\"og:title\" content=\"Terms of use - Groupe ECT\" \/>\n<meta property=\"og:description\" content=\"Terms of use Website editing The ECT Group website (hereinafter referred to as &#8220;the Site&#8221;), accessible at https:\/\/ect.komk.fr, is published by ECT (hereinafter referred to as &#8220;the Publisher&#8221;), a SAS with share capital of 109,000 euros, whose registered office is located at RD 401 Route du Mesnil-Amelot 77230 in Villeneuve sous Dammartin (0160545740, contact@ect.komk.fr). RCS 392 244 935 Meaux Website copywriting Publication manager: Sophie Alix, Marketing and Communications Director Telephone:01 60 54 57 32 Email: salix@ect.komk.fr Website host The ECT Group website is hosted by SCALEWAY, a French Soci\u00e9t\u00e9 par Actions Simplifi\u00e9e with capital of 214,410.50 Euros, headquartered at 8\" \/>\n<meta property=\"og:url\" content=\"https:\/\/ect.komk.fr\/en\/terms-of-use\/\" \/>\n<meta property=\"og:site_name\" content=\"Groupe ECT\" \/>\n<meta property=\"article:modified_time\" content=\"2024-03-13T10:53:05+00:00\" \/>\n<meta name=\"twitter:card\" content=\"summary_large_image\" \/>\n<meta name=\"twitter:label1\" content=\"Est. reading time\" \/>\n\t<meta name=\"twitter:data1\" content=\"2 minutes\" \/>\n<script type=\"application\/ld+json\" class=\"yoast-schema-graph\">{\"@context\":\"https:\/\/schema.org\",\"@graph\":[{\"@type\":\"WebPage\",\"@id\":\"https:\/\/ect.komk.fr\/en\/terms-of-use\/\",\"url\":\"https:\/\/ect.komk.fr\/en\/terms-of-use\/\",\"name\":\"Terms of use - Groupe ECT\",\"isPartOf\":{\"@id\":\"https:\/\/ect.komk.fr\/en\/#website\"},\"datePublished\":\"2024-03-04T10:39:56+00:00\",\"dateModified\":\"2024-03-13T10:53:05+00:00\",\"breadcrumb\":{\"@id\":\"https:\/\/ect.komk.fr\/en\/terms-of-use\/#breadcrumb\"},\"inLanguage\":\"en-US\",\"potentialAction\":[{\"@type\":\"ReadAction\",\"target\":[\"https:\/\/ect.komk.fr\/en\/terms-of-use\/\"]}]},{\"@type\":\"BreadcrumbList\",\"@id\":\"https:\/\/ect.komk.fr\/en\/terms-of-use\/#breadcrumb\",\"itemListElement\":[{\"@type\":\"ListItem\",\"position\":1,\"name\":\"Home\",\"item\":\"https:\/\/ect.komk.fr\/en\/home\/\"},{\"@type\":\"ListItem\",\"position\":2,\"name\":\"Terms of use\"}]},{\"@type\":\"WebSite\",\"@id\":\"https:\/\/ect.komk.fr\/en\/#website\",\"url\":\"https:\/\/ect.komk.fr\/en\/\",\"name\":\"Groupe ECT\",\"description\":\"\",\"publisher\":{\"@id\":\"https:\/\/ect.komk.fr\/en\/#organization\"},\"potentialAction\":[{\"@type\":\"SearchAction\",\"target\":{\"@type\":\"EntryPoint\",\"urlTemplate\":\"https:\/\/ect.komk.fr\/en\/?s={search_term_string}\"},\"query-input\":{\"@type\":\"PropertyValueSpecification\",\"valueRequired\":true,\"valueName\":\"search_term_string\"}}],\"inLanguage\":\"en-US\"},{\"@type\":\"Organization\",\"@id\":\"https:\/\/ect.komk.fr\/en\/#organization\",\"name\":\"ECT\",\"url\":\"https:\/\/ect.komk.fr\/en\/\",\"logo\":{\"@type\":\"ImageObject\",\"inLanguage\":\"en-US\",\"@id\":\"https:\/\/ect.komk.fr\/en\/#\/schema\/logo\/image\/\",\"url\":\"https:\/\/ect.komk.fr\/wp-content\/uploads\/2018\/07\/Groupe-ECT-Logo.png\",\"contentUrl\":\"https:\/\/ect.komk.fr\/wp-content\/uploads\/2018\/07\/Groupe-ECT-Logo.png\",\"width\":1340,\"height\":748,\"caption\":\"ECT\"},\"image\":{\"@id\":\"https:\/\/ect.komk.fr\/en\/#\/schema\/logo\/image\/\"}}]}<\/script>\n<!-- \/ Yoast SEO plugin. -->","yoast_head_json":{"title":"Terms of use - Groupe ECT","robots":{"index":"noindex","follow":"follow"},"og_locale":"en_US","og_type":"article","og_title":"Terms of use - Groupe ECT","og_description":"Terms of use Website editing The ECT Group website (hereinafter referred to as &#8220;the Site&#8221;), accessible at https:\/\/ect.komk.fr, is published by ECT (hereinafter referred to as &#8220;the Publisher&#8221;), a SAS with share capital of 109,000 euros, whose registered office is located at RD 401 Route du Mesnil-Amelot 77230 in Villeneuve sous Dammartin (0160545740, contact@ect.komk.fr). RCS 392 244 935 Meaux Website copywriting Publication manager: Sophie Alix, Marketing and Communications Director Telephone:01 60 54 57 32 Email: salix@ect.komk.fr Website host The ECT Group website is hosted by SCALEWAY, a French Soci\u00e9t\u00e9 par Actions Simplifi\u00e9e with capital of 214,410.50 Euros, headquartered at 8","og_url":"https:\/\/ect.komk.fr\/en\/terms-of-use\/","og_site_name":"Groupe ECT","article_modified_time":"2024-03-13T10:53:05+00:00","twitter_card":"summary_large_image","twitter_misc":{"Est. reading time":"2 minutes"},"schema":{"@context":"https:\/\/schema.org","@graph":[{"@type":"WebPage","@id":"https:\/\/ect.komk.fr\/en\/terms-of-use\/","url":"https:\/\/ect.komk.fr\/en\/terms-of-use\/","name":"Terms of use - Groupe ECT","isPartOf":{"@id":"https:\/\/ect.komk.fr\/en\/#website"},"datePublished":"2024-03-04T10:39:56+00:00","dateModified":"2024-03-13T10:53:05+00:00","breadcrumb":{"@id":"https:\/\/ect.komk.fr\/en\/terms-of-use\/#breadcrumb"},"inLanguage":"en-US","potentialAction":[{"@type":"ReadAction","target":["https:\/\/ect.komk.fr\/en\/terms-of-use\/"]}]},{"@type":"BreadcrumbList","@id":"https:\/\/ect.komk.fr\/en\/terms-of-use\/#breadcrumb","itemListElement":[{"@type":"ListItem","position":1,"name":"Home","item":"https:\/\/ect.komk.fr\/en\/home\/"},{"@type":"ListItem","position":2,"name":"Terms of use"}]},{"@type":"WebSite","@id":"https:\/\/ect.komk.fr\/en\/#website","url":"https:\/\/ect.komk.fr\/en\/","name":"Groupe ECT","description":"","publisher":{"@id":"https:\/\/ect.komk.fr\/en\/#organization"},"potentialAction":[{"@type":"SearchAction","target":{"@type":"EntryPoint","urlTemplate":"https:\/\/ect.komk.fr\/en\/?s={search_term_string}"},"query-input":{"@type":"PropertyValueSpecification","valueRequired":true,"valueName":"search_term_string"}}],"inLanguage":"en-US"},{"@type":"Organization","@id":"https:\/\/ect.komk.fr\/en\/#organization","name":"ECT","url":"https:\/\/ect.komk.fr\/en\/","logo":{"@type":"ImageObject","inLanguage":"en-US","@id":"https:\/\/ect.komk.fr\/en\/#\/schema\/logo\/image\/","url":"https:\/\/ect.komk.fr\/wp-content\/uploads\/2018\/07\/Groupe-ECT-Logo.png","contentUrl":"https:\/\/ect.komk.fr\/wp-content\/uploads\/2018\/07\/Groupe-ECT-Logo.png","width":1340,"height":748,"caption":"ECT"},"image":{"@id":"https:\/\/ect.komk.fr\/en\/#\/schema\/logo\/image\/"}}]}},"_links":{"self":[{"href":"https:\/\/ect.komk.fr\/en\/wp-json\/wp\/v2\/pages\/39412","targetHints":{"allow":["GET"]}}],"collection":[{"href":"https:\/\/ect.komk.fr\/en\/wp-json\/wp\/v2\/pages"}],"about":[{"href":"https:\/\/ect.komk.fr\/en\/wp-json\/wp\/v2\/types\/page"}],"author":[{"embeddable":true,"href":"https:\/\/ect.komk.fr\/en\/wp-json\/wp\/v2\/users\/2"}],"replies":[{"embeddable":true,"href":"https:\/\/ect.komk.fr\/en\/wp-json\/wp\/v2\/comments?post=39412"}],"version-history":[{"count":0,"href":"https:\/\/ect.komk.fr\/en\/wp-json\/wp\/v2\/pages\/39412\/revisions"}],"wp:attachment":[{"href":"https:\/\/ect.komk.fr\/en\/wp-json\/wp\/v2\/media?parent=39412"}],"curies":[{"name":"wp","href":"https:\/\/api.w.org\/{rel}","templated":true}]}}