{"id":39761,"date":"2024-02-05T15:06:02","date_gmt":"2024-02-05T14:06:02","guid":{"rendered":"https:\/\/ect.komk.fr\/ect-group\/partnership-and-sponsorship\/safer-ile-de-france\/"},"modified":"2024-03-04T13:45:03","modified_gmt":"2024-03-04T12:45:03","slug":"safer-ile-de-france","status":"publish","type":"page","link":"https:\/\/ect.komk.fr\/en\/ect-group\/partnership-and-sponsorship\/safer-ile-de-france\/","title":{"rendered":"SAFER Ile-de-France"},"content":{"rendered":"\t\t<div data-elementor-type=\"wp-page\" data-elementor-id=\"39761\" class=\"elementor elementor-39761 elementor-38187\" data-elementor-settings=\"{&quot;ha_cmc_init_switcher&quot;:&quot;no&quot;}\" data-elementor-post-type=\"page\">\n\t\t\t\t<div class=\"elementor-element elementor-element-1adb33ec e-flex e-con-boxed e-con e-parent\" data-id=\"1adb33ec\" data-element_type=\"container\">\n\t\t\t\t\t<div class=\"e-con-inner\">\n\t\t\t\t<div class=\"elementor-element elementor-element-227138a8 elementor-widget elementor-widget-text-editor\" data-id=\"227138a8\" data-element_type=\"widget\" data-widget_type=\"text-editor.default\">\n\t\t\t\t<div class=\"elementor-widget-container\">\n\t\t\t\t\t\t\t\t\t<p>The Soci\u00e9t\u00e9 d&#8217;Am\u00e9nagement Foncier et d&#8217;\u00c9tablissement Rural (SAFER) de L&#8217;Ile de France is a land operator with a public service mission to develop rural and peri-urban land in the Ile-de-France region. It is a not-for-profit public limited company under the dual authority of the Ministry of Agriculture, Food and Forestry, and the Ministry of Finance. Its missions are to maintain and develop agriculture, protect the environment, promote local development in conjunction with local authorities, and ensure the transparency of the land market.<\/p>\n<p>Projects carried out in partnership with SAFER IDF are in the public interest. They illustrate,&nbsp;<span style=\"text-align: var(--text-align); background-color: var(--ast-global-color-5); color: var( --e-global-color-text ); font-size: 1rem; font-weight: inherit;\">on the same territory,&nbsp;<\/span><span style=\"font-style: inherit; font-weight: inherit; text-align: var(--text-align); background-color: var(--ast-global-color-5); color: var( --e-global-color-text );\">&nbsp;the complementarity of different public policies (on the environment and agriculture) implemented by public and private players (government departments, local authorities, AEV, SAFER, ECT).&nbsp;<\/span><\/p>\n<p>SAFER Ile-de-France and ECT are partners on several projects:<\/p>\n<ul>\n<li>a completed project to turn a damaged site into an agricultural and ecological space in Grisy-Suisnes (77).&nbsp;<\/li>\n<li>a project currently underway to rehabilitate run-down land in an urban environment: the transformation of the former Sempin quarry into a landscaped park in Chelles (77).<\/li>\n<\/ul>\t\t\t\t\t\t\t\t<\/div>\n\t\t\t\t<\/div>\n\t\t\t\t\t<\/div>\n\t\t\t\t<\/div>\n\t\t\t\t<\/div>\n\t\t","protected":false},"excerpt":{"rendered":"<p>The Soci\u00e9t\u00e9 d&#8217;Am\u00e9nagement Foncier et d&#8217;\u00c9tablissement Rural (SAFER) de L&#8217;Ile de France is a land operator with a public service mission to develop rural and peri-urban land in the Ile-de-France region. It is a not-for-profit public limited company under the dual authority of the Ministry of Agriculture, Food and Forestry, and the Ministry of Finance. Its missions are to maintain and develop agriculture, protect the environment, promote local development in conjunction with local authorities, and ensure the transparency of the land market. Projects carried out in partnership with SAFER IDF are in the public interest. They illustrate,&nbsp;on the same territory,&nbsp;&nbsp;the<\/p>\n","protected":false},"author":7,"featured_media":12358,"parent":39752,"menu_order":35,"comment_status":"closed","ping_status":"closed","template":"","meta":{"_acf_changed":false,"site-sidebar-layout":"default","site-content-layout":"","ast-site-content-layout":"default","site-content-style":"default","site-sidebar-style":"default","ast-global-header-display":"","ast-banner-title-visibility":"","ast-main-header-display":"","ast-hfb-above-header-display":"","ast-hfb-below-header-display":"","ast-hfb-mobile-header-display":"","site-post-title":"","ast-breadcrumbs-content":"","ast-featured-img":"","footer-sml-layout":"","ast-disable-related-posts":"","theme-transparent-header-meta":"default","adv-header-id-meta":"","stick-header-meta":"","header-above-stick-meta":"","header-main-stick-meta":"","header-below-stick-meta":"","astra-migrate-meta-layouts":"default","ast-page-background-enabled":"default","ast-page-background-meta":{"desktop":{"background-color":"var(--ast-global-color-4)","background-image":"","background-repeat":"repeat","background-position":"center center","background-size":"auto","background-attachment":"scroll","background-type":"","background-media":"","overlay-type":"","overlay-color":"","overlay-opacity":"","overlay-gradient":""},"tablet":{"background-color":"","background-image":"","background-repeat":"repeat","background-position":"center center","background-size":"auto","background-attachment":"scroll","background-type":"","background-media":"","overlay-type":"","overlay-color":"","overlay-opacity":"","overlay-gradient":""},"mobile":{"background-color":"","background-image":"","background-repeat":"repeat","background-position":"center center","background-size":"auto","background-attachment":"scroll","background-type":"","background-media":"","overlay-type":"","overlay-color":"","overlay-opacity":"","overlay-gradient":""}},"ast-content-background-meta":{"desktop":{"background-color":"var(--ast-global-color-5)","background-image":"","background-repeat":"repeat","background-position":"center center","background-size":"auto","background-attachment":"scroll","background-type":"","background-media":"","overlay-type":"","overlay-color":"","overlay-opacity":"","overlay-gradient":""},"tablet":{"background-color":"var(--ast-global-color-5)","background-image":"","background-repeat":"repeat","background-position":"center center","background-size":"auto","background-attachment":"scroll","background-type":"","background-media":"","overlay-type":"","overlay-color":"","overlay-opacity":"","overlay-gradient":""},"mobile":{"background-color":"var(--ast-global-color-5)","background-image":"","background-repeat":"repeat","background-position":"center center","background-size":"auto","background-attachment":"scroll","background-type":"","background-media":"","overlay-type":"","overlay-color":"","overlay-opacity":"","overlay-gradient":""}},"ngg_post_thumbnail":0,"footnotes":""},"class_list":["post-39761","page","type-page","status-publish","has-post-thumbnail","hentry"],"acf":[],"yoast_head":"<!-- This site is optimized with the Yoast SEO plugin v27.1.1 - https:\/\/yoast.com\/product\/yoast-seo-wordpress\/ -->\n<title>SAFER Ile-de-France - Groupe ECT<\/title>\n<meta name=\"robots\" content=\"index, follow, max-snippet:-1, max-image-preview:large, max-video-preview:-1\" \/>\n<link rel=\"canonical\" href=\"https:\/\/ect.komk.fr\/en\/ect-group\/partnership-and-sponsorship\/safer-ile-de-france\/\" \/>\n<meta property=\"og:locale\" content=\"en_US\" \/>\n<meta property=\"og:type\" content=\"article\" \/>\n<meta property=\"og:title\" content=\"SAFER Ile-de-France - Groupe ECT\" \/>\n<meta property=\"og:description\" content=\"The Soci\u00e9t\u00e9 d&#8217;Am\u00e9nagement Foncier et d&#8217;\u00c9tablissement Rural (SAFER) de L&#8217;Ile de France is a land operator with a public service mission to develop rural and peri-urban land in the Ile-de-France region. It is a not-for-profit public limited company under the dual authority of the Ministry of Agriculture, Food and Forestry, and the Ministry of Finance. Its missions are to maintain and develop agriculture, protect the environment, promote local development in conjunction with local authorities, and ensure the transparency of the land market. Projects carried out in partnership with SAFER IDF are in the public interest. They illustrate,&nbsp;on the same territory,&nbsp;&nbsp;the\" \/>\n<meta property=\"og:url\" content=\"https:\/\/ect.komk.fr\/en\/ect-group\/partnership-and-sponsorship\/safer-ile-de-france\/\" \/>\n<meta property=\"og:site_name\" content=\"Groupe ECT\" \/>\n<meta property=\"article:modified_time\" content=\"2024-03-04T12:45:03+00:00\" \/>\n<meta property=\"og:image\" content=\"https:\/\/ect.komk.fr\/wp-content\/uploads\/2018\/06\/safer-ile-de-france.gif\" \/>\n\t<meta property=\"og:image:width\" content=\"287\" \/>\n\t<meta property=\"og:image:height\" content=\"142\" \/>\n\t<meta property=\"og:image:type\" content=\"image\/gif\" \/>\n<meta name=\"twitter:card\" content=\"summary_large_image\" \/>\n<meta name=\"twitter:label1\" content=\"Est. reading time\" \/>\n\t<meta name=\"twitter:data1\" content=\"1 minute\" \/>\n<script type=\"application\/ld+json\" class=\"yoast-schema-graph\">{\"@context\":\"https:\/\/schema.org\",\"@graph\":[{\"@type\":\"WebPage\",\"@id\":\"https:\/\/ect.komk.fr\/en\/ect-group\/partnership-and-sponsorship\/safer-ile-de-france\/\",\"url\":\"https:\/\/ect.komk.fr\/en\/ect-group\/partnership-and-sponsorship\/safer-ile-de-france\/\",\"name\":\"SAFER Ile-de-France - Groupe ECT\",\"isPartOf\":{\"@id\":\"https:\/\/ect.komk.fr\/en\/#website\"},\"primaryImageOfPage\":{\"@id\":\"https:\/\/ect.komk.fr\/en\/ect-group\/partnership-and-sponsorship\/safer-ile-de-france\/#primaryimage\"},\"image\":{\"@id\":\"https:\/\/ect.komk.fr\/en\/ect-group\/partnership-and-sponsorship\/safer-ile-de-france\/#primaryimage\"},\"thumbnailUrl\":\"https:\/\/ect.komk.fr\/wp-content\/uploads\/2018\/06\/safer-ile-de-france.gif\",\"datePublished\":\"2024-02-05T14:06:02+00:00\",\"dateModified\":\"2024-03-04T12:45:03+00:00\",\"breadcrumb\":{\"@id\":\"https:\/\/ect.komk.fr\/en\/ect-group\/partnership-and-sponsorship\/safer-ile-de-france\/#breadcrumb\"},\"inLanguage\":\"en-US\",\"potentialAction\":[{\"@type\":\"ReadAction\",\"target\":[\"https:\/\/ect.komk.fr\/en\/ect-group\/partnership-and-sponsorship\/safer-ile-de-france\/\"]}]},{\"@type\":\"ImageObject\",\"inLanguage\":\"en-US\",\"@id\":\"https:\/\/ect.komk.fr\/en\/ect-group\/partnership-and-sponsorship\/safer-ile-de-france\/#primaryimage\",\"url\":\"https:\/\/ect.komk.fr\/wp-content\/uploads\/2018\/06\/safer-ile-de-france.gif\",\"contentUrl\":\"https:\/\/ect.komk.fr\/wp-content\/uploads\/2018\/06\/safer-ile-de-france.gif\",\"width\":\"287\",\"height\":\"142\",\"caption\":\"logo safer ile de france\"},{\"@type\":\"BreadcrumbList\",\"@id\":\"https:\/\/ect.komk.fr\/en\/ect-group\/partnership-and-sponsorship\/safer-ile-de-france\/#breadcrumb\",\"itemListElement\":[{\"@type\":\"ListItem\",\"position\":1,\"name\":\"Home\",\"item\":\"https:\/\/ect.komk.fr\/en\/home\/\"},{\"@type\":\"ListItem\",\"position\":2,\"name\":\"Partnership and sponsorship\",\"item\":\"https:\/\/ect.komk.fr\/en\/ect-group__trashed\/partnership-and-sponsorship\/\"},{\"@type\":\"ListItem\",\"position\":3,\"name\":\"SAFER Ile-de-France\"}]},{\"@type\":\"WebSite\",\"@id\":\"https:\/\/ect.komk.fr\/en\/#website\",\"url\":\"https:\/\/ect.komk.fr\/en\/\",\"name\":\"Groupe ECT\",\"description\":\"\",\"publisher\":{\"@id\":\"https:\/\/ect.komk.fr\/en\/#organization\"},\"potentialAction\":[{\"@type\":\"SearchAction\",\"target\":{\"@type\":\"EntryPoint\",\"urlTemplate\":\"https:\/\/ect.komk.fr\/en\/?s={search_term_string}\"},\"query-input\":{\"@type\":\"PropertyValueSpecification\",\"valueRequired\":true,\"valueName\":\"search_term_string\"}}],\"inLanguage\":\"en-US\"},{\"@type\":\"Organization\",\"@id\":\"https:\/\/ect.komk.fr\/en\/#organization\",\"name\":\"ECT\",\"url\":\"https:\/\/ect.komk.fr\/en\/\",\"logo\":{\"@type\":\"ImageObject\",\"inLanguage\":\"en-US\",\"@id\":\"https:\/\/ect.komk.fr\/en\/#\/schema\/logo\/image\/\",\"url\":\"https:\/\/ect.komk.fr\/wp-content\/uploads\/2018\/07\/Groupe-ECT-Logo.png\",\"contentUrl\":\"https:\/\/ect.komk.fr\/wp-content\/uploads\/2018\/07\/Groupe-ECT-Logo.png\",\"width\":1340,\"height\":748,\"caption\":\"ECT\"},\"image\":{\"@id\":\"https:\/\/ect.komk.fr\/en\/#\/schema\/logo\/image\/\"}}]}<\/script>\n<!-- \/ Yoast SEO plugin. -->","yoast_head_json":{"title":"SAFER Ile-de-France - Groupe ECT","robots":{"index":"index","follow":"follow","max-snippet":"max-snippet:-1","max-image-preview":"max-image-preview:large","max-video-preview":"max-video-preview:-1"},"canonical":"https:\/\/ect.komk.fr\/en\/ect-group\/partnership-and-sponsorship\/safer-ile-de-france\/","og_locale":"en_US","og_type":"article","og_title":"SAFER Ile-de-France - Groupe ECT","og_description":"The Soci\u00e9t\u00e9 d&#8217;Am\u00e9nagement Foncier et d&#8217;\u00c9tablissement Rural (SAFER) de L&#8217;Ile de France is a land operator with a public service mission to develop rural and peri-urban land in the Ile-de-France region. It is a not-for-profit public limited company under the dual authority of the Ministry of Agriculture, Food and Forestry, and the Ministry of Finance. Its missions are to maintain and develop agriculture, protect the environment, promote local development in conjunction with local authorities, and ensure the transparency of the land market. Projects carried out in partnership with SAFER IDF are in the public interest. They illustrate,&nbsp;on the same territory,&nbsp;&nbsp;the","og_url":"https:\/\/ect.komk.fr\/en\/ect-group\/partnership-and-sponsorship\/safer-ile-de-france\/","og_site_name":"Groupe ECT","article_modified_time":"2024-03-04T12:45:03+00:00","og_image":[{"width":287,"height":142,"url":"https:\/\/ect.komk.fr\/wp-content\/uploads\/2018\/06\/safer-ile-de-france.gif","type":"image\/gif"}],"twitter_card":"summary_large_image","twitter_misc":{"Est. reading time":"1 minute"},"schema":{"@context":"https:\/\/schema.org","@graph":[{"@type":"WebPage","@id":"https:\/\/ect.komk.fr\/en\/ect-group\/partnership-and-sponsorship\/safer-ile-de-france\/","url":"https:\/\/ect.komk.fr\/en\/ect-group\/partnership-and-sponsorship\/safer-ile-de-france\/","name":"SAFER Ile-de-France - Groupe ECT","isPartOf":{"@id":"https:\/\/ect.komk.fr\/en\/#website"},"primaryImageOfPage":{"@id":"https:\/\/ect.komk.fr\/en\/ect-group\/partnership-and-sponsorship\/safer-ile-de-france\/#primaryimage"},"image":{"@id":"https:\/\/ect.komk.fr\/en\/ect-group\/partnership-and-sponsorship\/safer-ile-de-france\/#primaryimage"},"thumbnailUrl":"https:\/\/ect.komk.fr\/wp-content\/uploads\/2018\/06\/safer-ile-de-france.gif","datePublished":"2024-02-05T14:06:02+00:00","dateModified":"2024-03-04T12:45:03+00:00","breadcrumb":{"@id":"https:\/\/ect.komk.fr\/en\/ect-group\/partnership-and-sponsorship\/safer-ile-de-france\/#breadcrumb"},"inLanguage":"en-US","potentialAction":[{"@type":"ReadAction","target":["https:\/\/ect.komk.fr\/en\/ect-group\/partnership-and-sponsorship\/safer-ile-de-france\/"]}]},{"@type":"ImageObject","inLanguage":"en-US","@id":"https:\/\/ect.komk.fr\/en\/ect-group\/partnership-and-sponsorship\/safer-ile-de-france\/#primaryimage","url":"https:\/\/ect.komk.fr\/wp-content\/uploads\/2018\/06\/safer-ile-de-france.gif","contentUrl":"https:\/\/ect.komk.fr\/wp-content\/uploads\/2018\/06\/safer-ile-de-france.gif","width":"287","height":"142","caption":"logo safer ile de france"},{"@type":"BreadcrumbList","@id":"https:\/\/ect.komk.fr\/en\/ect-group\/partnership-and-sponsorship\/safer-ile-de-france\/#breadcrumb","itemListElement":[{"@type":"ListItem","position":1,"name":"Home","item":"https:\/\/ect.komk.fr\/en\/home\/"},{"@type":"ListItem","position":2,"name":"Partnership and sponsorship","item":"https:\/\/ect.komk.fr\/en\/ect-group__trashed\/partnership-and-sponsorship\/"},{"@type":"ListItem","position":3,"name":"SAFER Ile-de-France"}]},{"@type":"WebSite","@id":"https:\/\/ect.komk.fr\/en\/#website","url":"https:\/\/ect.komk.fr\/en\/","name":"Groupe ECT","description":"","publisher":{"@id":"https:\/\/ect.komk.fr\/en\/#organization"},"potentialAction":[{"@type":"SearchAction","target":{"@type":"EntryPoint","urlTemplate":"https:\/\/ect.komk.fr\/en\/?s={search_term_string}"},"query-input":{"@type":"PropertyValueSpecification","valueRequired":true,"valueName":"search_term_string"}}],"inLanguage":"en-US"},{"@type":"Organization","@id":"https:\/\/ect.komk.fr\/en\/#organization","name":"ECT","url":"https:\/\/ect.komk.fr\/en\/","logo":{"@type":"ImageObject","inLanguage":"en-US","@id":"https:\/\/ect.komk.fr\/en\/#\/schema\/logo\/image\/","url":"https:\/\/ect.komk.fr\/wp-content\/uploads\/2018\/07\/Groupe-ECT-Logo.png","contentUrl":"https:\/\/ect.komk.fr\/wp-content\/uploads\/2018\/07\/Groupe-ECT-Logo.png","width":1340,"height":748,"caption":"ECT"},"image":{"@id":"https:\/\/ect.komk.fr\/en\/#\/schema\/logo\/image\/"}}]}},"_links":{"self":[{"href":"https:\/\/ect.komk.fr\/en\/wp-json\/wp\/v2\/pages\/39761","targetHints":{"allow":["GET"]}}],"collection":[{"href":"https:\/\/ect.komk.fr\/en\/wp-json\/wp\/v2\/pages"}],"about":[{"href":"https:\/\/ect.komk.fr\/en\/wp-json\/wp\/v2\/types\/page"}],"author":[{"embeddable":true,"href":"https:\/\/ect.komk.fr\/en\/wp-json\/wp\/v2\/users\/7"}],"replies":[{"embeddable":true,"href":"https:\/\/ect.komk.fr\/en\/wp-json\/wp\/v2\/comments?post=39761"}],"version-history":[{"count":0,"href":"https:\/\/ect.komk.fr\/en\/wp-json\/wp\/v2\/pages\/39761\/revisions"}],"up":[{"embeddable":true,"href":"https:\/\/ect.komk.fr\/en\/wp-json\/wp\/v2\/pages\/39752"}],"wp:featuredmedia":[{"embeddable":true,"href":"https:\/\/ect.komk.fr\/en\/wp-json\/wp\/v2\/media\/12358"}],"wp:attachment":[{"href":"https:\/\/ect.komk.fr\/en\/wp-json\/wp\/v2\/media?parent=39761"}],"curies":[{"name":"wp","href":"https:\/\/api.w.org\/{rel}","templated":true}]}}